{"id":86,"date":"2018-11-08T19:49:06","date_gmt":"2018-11-08T18:49:06","guid":{"rendered":"http:\/\/marietteshandkraft.se\/?page_id=86"},"modified":"2019-05-27T17:09:49","modified_gmt":"2019-05-27T15:09:49","slug":"kinesiologi","status":"publish","type":"page","link":"https:\/\/marietteshandkraft.se\/?page_id=86","title":{"rendered":"Kinesiologi"},"content":{"rendered":"<p>Kinesiologin anv\u00e4nder sig av s\u00e5 kallad manuell muskeltestning f\u00f6r att hitta obalanser, sp\u00e4nningar och blockeringar i kroppen. Alla muskler \u00e4r kopplade till bl a olika inre organ, akupunkturmeridianer och nervsystem. Meridianerna \u00e4r akupunktursystemets ledningsn\u00e4t. Med Kinesiologin testas t ex nervsystemets kommunikation mellan hj\u00e4rna och muskel.<br \/>\nOrdet kinesiologi kommer fr\u00e5n grekiskan och betyder r\u00f6relse-l\u00e4ra (kinesis-logos). Kinesiologin startades av kiropraktorn George Goodheart tillsammans med en grupp andra amerikanska kiropraktorer, vilka lade ihop olika behandlingsmetoder.<\/p>\n","protected":false},"excerpt":{"rendered":"<p>Kinesiologin anv\u00e4nder sig av s\u00e5 kallad manuell muskeltestning f\u00f6r att hitta obalanser, sp\u00e4nningar och blockeringar i kroppen. Alla muskler \u00e4r kopplade till bl a olika inre organ, akupunkturmeridianer och nervsystem. Meridianerna \u00e4r akupunktursystemets ledningsn\u00e4t. Med Kinesiologin testas t ex nervsystemets kommunikation mellan hj\u00e4rna och muskel. Ordet kinesiologi kommer fr\u00e5n grekiskan och betyder r\u00f6relse-l\u00e4ra (kinesis-logos). Kinesiologin &hellip; <\/p>\n<p class=\"link-more\"><a href=\"https:\/\/marietteshandkraft.se\/?page_id=86\" class=\"more-link\">Forts\u00e4tt l\u00e4sa<span class=\"screen-reader-text\"> \u201dKinesiologi\u201d<\/span><\/a><\/p>\n","protected":false},"author":1,"featured_media":116,"parent":0,"menu_order":0,"comment_status":"closed","ping_status":"closed","template":"","meta":{"footnotes":""},"class_list":["post-86","page","type-page","status-publish","has-post-thumbnail","hentry"],"_links":{"self":[{"href":"https:\/\/marietteshandkraft.se\/index.php?rest_route=\/wp\/v2\/pages\/86","targetHints":{"allow":["GET"]}}],"collection":[{"href":"https:\/\/marietteshandkraft.se\/index.php?rest_route=\/wp\/v2\/pages"}],"about":[{"href":"https:\/\/marietteshandkraft.se\/index.php?rest_route=\/wp\/v2\/types\/page"}],"author":[{"embeddable":true,"href":"https:\/\/marietteshandkraft.se\/index.php?rest_route=\/wp\/v2\/users\/1"}],"replies":[{"embeddable":true,"href":"https:\/\/marietteshandkraft.se\/index.php?rest_route=%2Fwp%2Fv2%2Fcomments&post=86"}],"version-history":[{"count":3,"href":"https:\/\/marietteshandkraft.se\/index.php?rest_route=\/wp\/v2\/pages\/86\/revisions"}],"predecessor-version":[{"id":133,"href":"https:\/\/marietteshandkraft.se\/index.php?rest_route=\/wp\/v2\/pages\/86\/revisions\/133"}],"wp:featuredmedia":[{"embeddable":true,"href":"https:\/\/marietteshandkraft.se\/index.php?rest_route=\/wp\/v2\/media\/116"}],"wp:attachment":[{"href":"https:\/\/marietteshandkraft.se\/index.php?rest_route=%2Fwp%2Fv2%2Fmedia&parent=86"}],"curies":[{"name":"wp","href":"https:\/\/api.w.org\/{rel}","templated":true}]}}