{"id":38,"date":"2019-05-01T11:52:52","date_gmt":"2019-05-01T09:52:52","guid":{"rendered":"http:\/\/marietteshandkraft.se\/?page_id=38"},"modified":"2021-03-26T19:34:30","modified_gmt":"2021-03-26T18:34:30","slug":"kontakta-oss","status":"publish","type":"page","link":"https:\/\/marietteshandkraft.se\/?page_id=38","title":{"rendered":"Kontakt och bokning"},"content":{"rendered":"<p>Varje behandlingstillf\u00e4lle \u00e4r 60 minuter l\u00e5ngt, bokningsbara tider \u00e4r<\/p>\n<p>Tis + Ons 9.00, 10.30, 13.00, 14.30, 16.00.<\/p>\n<p>Boka minst ett dygn i f\u00f6rv\u00e4g.<\/p>\n<p>Pris 750 sek\/tim.<\/p>\n<p>Jag finns p\u00e5 V\u00e4stra Orust och G\u00f6teborg.<\/p>\n<p>N\u00e5 mig p\u00e5:<\/p>\n<p>E-mail:\u00a0 info@marietteshandkraft.se<\/p>\n<p>Tel nr: \u00a0 0736-964819<\/p>\n","protected":false},"excerpt":{"rendered":"<p>Varje behandlingstillf\u00e4lle \u00e4r 60 minuter l\u00e5ngt, bokningsbara tider \u00e4r Tis + Ons 9.00, 10.30, 13.00, 14.30, 16.00. Boka minst ett dygn i f\u00f6rv\u00e4g. Pris 750 sek\/tim. Jag finns p\u00e5 V\u00e4stra Orust och G\u00f6teborg. N\u00e5 mig p\u00e5: E-mail:\u00a0 info@marietteshandkraft.se Tel nr: \u00a0 0736-964819<\/p>\n","protected":false},"author":1,"featured_media":0,"parent":0,"menu_order":0,"comment_status":"closed","ping_status":"closed","template":"","meta":{"footnotes":""},"class_list":["post-38","page","type-page","status-publish","hentry"],"_links":{"self":[{"href":"https:\/\/marietteshandkraft.se\/index.php?rest_route=\/wp\/v2\/pages\/38","targetHints":{"allow":["GET"]}}],"collection":[{"href":"https:\/\/marietteshandkraft.se\/index.php?rest_route=\/wp\/v2\/pages"}],"about":[{"href":"https:\/\/marietteshandkraft.se\/index.php?rest_route=\/wp\/v2\/types\/page"}],"author":[{"embeddable":true,"href":"https:\/\/marietteshandkraft.se\/index.php?rest_route=\/wp\/v2\/users\/1"}],"replies":[{"embeddable":true,"href":"https:\/\/marietteshandkraft.se\/index.php?rest_route=%2Fwp%2Fv2%2Fcomments&post=38"}],"version-history":[{"count":13,"href":"https:\/\/marietteshandkraft.se\/index.php?rest_route=\/wp\/v2\/pages\/38\/revisions"}],"predecessor-version":[{"id":141,"href":"https:\/\/marietteshandkraft.se\/index.php?rest_route=\/wp\/v2\/pages\/38\/revisions\/141"}],"wp:attachment":[{"href":"https:\/\/marietteshandkraft.se\/index.php?rest_route=%2Fwp%2Fv2%2Fmedia&parent=38"}],"curies":[{"name":"wp","href":"https:\/\/api.w.org\/{rel}","templated":true}]}}