{"id":36,"date":"2018-11-08T14:47:52","date_gmt":"2018-11-08T13:47:52","guid":{"rendered":"http:\/\/marietteshandkraft.se\/?page_id=36"},"modified":"2019-05-01T11:36:07","modified_gmt":"2019-05-01T09:36:07","slug":"startsida","status":"publish","type":"page","link":"https:\/\/marietteshandkraft.se\/","title":{"rendered":""},"content":{"rendered":"<h1><strong>Mariettes Handkraft&nbsp;&nbsp;&nbsp; <\/strong><\/h1>\n<h3><strong>Mariette Randvik<\/strong> &nbsp;Diplomerad kinesiolog<\/h3>\n<p>Kinesiologin st\u00f6ttar kroppens egna system, ser individen och helheten. Jag kan lindra b\u00e5de dina fysiska och psykiska besv\u00e4r. Med hj\u00e4lp av muskeltester kan eventuella sp\u00e4nningar och blockeringar uppt\u00e4ckas f\u00f6r att d\u00e4refter behandlas.<\/p>\n<p>St\u00e4rk dig sj\u00e4lv s\u00e5 kan du finnas f\u00f6r andra.<\/p>\n<p>&nbsp;<\/p>\n","protected":false},"excerpt":{"rendered":"<p>Mariettes Handkraft&nbsp;&nbsp;&nbsp; Mariette Randvik &nbsp;Diplomerad kinesiolog Kinesiologin st\u00f6ttar kroppens egna system, ser individen och helheten. Jag kan lindra b\u00e5de dina fysiska och psykiska besv\u00e4r. Med hj\u00e4lp av muskeltester kan eventuella sp\u00e4nningar och blockeringar uppt\u00e4ckas f\u00f6r att d\u00e4refter behandlas. St\u00e4rk dig sj\u00e4lv s\u00e5 kan du finnas f\u00f6r andra. &nbsp;<\/p>\n","protected":false},"author":1,"featured_media":126,"parent":0,"menu_order":0,"comment_status":"closed","ping_status":"closed","template":"","meta":{"footnotes":""},"class_list":["post-36","page","type-page","status-publish","has-post-thumbnail","hentry"],"_links":{"self":[{"href":"https:\/\/marietteshandkraft.se\/index.php?rest_route=\/wp\/v2\/pages\/36","targetHints":{"allow":["GET"]}}],"collection":[{"href":"https:\/\/marietteshandkraft.se\/index.php?rest_route=\/wp\/v2\/pages"}],"about":[{"href":"https:\/\/marietteshandkraft.se\/index.php?rest_route=\/wp\/v2\/types\/page"}],"author":[{"embeddable":true,"href":"https:\/\/marietteshandkraft.se\/index.php?rest_route=\/wp\/v2\/users\/1"}],"replies":[{"embeddable":true,"href":"https:\/\/marietteshandkraft.se\/index.php?rest_route=%2Fwp%2Fv2%2Fcomments&post=36"}],"version-history":[{"count":10,"href":"https:\/\/marietteshandkraft.se\/index.php?rest_route=\/wp\/v2\/pages\/36\/revisions"}],"predecessor-version":[{"id":127,"href":"https:\/\/marietteshandkraft.se\/index.php?rest_route=\/wp\/v2\/pages\/36\/revisions\/127"}],"wp:featuredmedia":[{"embeddable":true,"href":"https:\/\/marietteshandkraft.se\/index.php?rest_route=\/wp\/v2\/media\/126"}],"wp:attachment":[{"href":"https:\/\/marietteshandkraft.se\/index.php?rest_route=%2Fwp%2Fv2%2Fmedia&parent=36"}],"curies":[{"name":"wp","href":"https:\/\/api.w.org\/{rel}","templated":true}]}}